{"id":232,"date":"2022-10-28T17:40:04","date_gmt":"2022-10-28T17:40:04","guid":{"rendered":"https:\/\/worklite.ca\/?page_id=232"},"modified":"2022-12-13T02:18:01","modified_gmt":"2022-12-13T02:18:01","slug":"contactez-nous","status":"publish","type":"page","link":"https:\/\/worklitebpo.com\/en\/contactez-nous\/","title":{"rendered":"Contactez-nous"},"content":{"rendered":"<div data-elementor-type=\"wp-page\" data-elementor-id=\"232\" class=\"elementor elementor-232\" data-elementor-post-type=\"page\">\n\t\t\t\t\t\t<section class=\"elementor-section elementor-top-section elementor-element elementor-element-5f450ac0 elementor-section-height-min-height elementor-section-content-middle elementor-reverse-mobile elementor-section-items-stretch elementor-section-boxed elementor-section-height-default\" data-id=\"5f450ac0\" data-element_type=\"section\" data-settings=\"{&quot;background_background&quot;:&quot;gradient&quot;,&quot;shape_divider_bottom&quot;:&quot;mountains&quot;}\">\n\t\t\t\t\t<div class=\"elementor-shape elementor-shape-bottom\" data-negative=\"false\">\n\t\t\t<svg xmlns=\"http:\/\/www.w3.org\/2000\/svg\" viewbox=\"0 0 1000 100\" preserveaspectratio=\"none\">\n\t<path class=\"elementor-shape-fill\" opacity=\"0.33\" d=\"M473,67.3c-203.9,88.3-263.1-34-320.3,0C66,119.1,0,59.7,0,59.7V0h1000v59.7 c0,0-62.1,26.1-94.9,29.3c-32.8,3.3-62.8-12.3-75.8-22.1C806,49.6,745.3,8.7,694.9,4.7S492.4,59,473,67.3z\"\/>\n\t<path class=\"elementor-shape-fill\" opacity=\"0.66\" d=\"M734,67.3c-45.5,0-77.2-23.2-129.1-39.1c-28.6-8.7-150.3-10.1-254,39.1 s-91.7-34.4-149.2,0C115.7,118.3,0,39.8,0,39.8V0h1000v36.5c0,0-28.2-18.5-92.1-18.5C810.2,18.1,775.7,67.3,734,67.3z\"\/>\n\t<path class=\"elementor-shape-fill\" d=\"M766.1,28.9c-200-57.5-266,65.5-395.1,19.5C242,1.8,242,5.4,184.8,20.6C128,35.8,132.3,44.9,89.9,52.5C28.6,63.7,0,0,0,0 h1000c0,0-9.9,40.9-83.6,48.1S829.6,47,766.1,28.9z\"\/>\n<\/svg>\t\t<\/div>\n\t\t\t\t\t<div class=\"elementor-container elementor-column-gap-no\">\n\t\t\t\t\t<div class=\"elementor-column elementor-col-100 elementor-top-column elementor-element elementor-element-7d550599\" data-id=\"7d550599\" data-element_type=\"column\">\n\t\t\t<div class=\"elementor-widget-wrap elementor-element-populated\">\n\t\t\t\t\t\t<section class=\"elementor-section elementor-inner-section elementor-element elementor-element-145cf152 elementor-section-boxed elementor-section-height-default elementor-section-height-default\" data-id=\"145cf152\" data-element_type=\"section\">\n\t\t\t\t\t\t<div class=\"elementor-container elementor-column-gap-default\">\n\t\t\t\t\t<div class=\"elementor-column elementor-col-50 elementor-inner-column elementor-element elementor-element-5b8eaceb\" data-id=\"5b8eaceb\" data-element_type=\"column\">\n\t\t\t<div class=\"elementor-widget-wrap elementor-element-populated\">\n\t\t\t\t\t\t<div class=\"elementor-element elementor-element-260970ef elementor-widget elementor-widget-heading\" data-id=\"260970ef\" data-element_type=\"widget\" data-widget_type=\"heading.default\">\n\t\t\t\t<div class=\"elementor-widget-container\">\n\t\t\t\t\t<h2 class=\"elementor-heading-title elementor-size-default\">Nous joindre\n<\/h2>\t\t\t\t<\/div>\n\t\t\t\t<\/div>\n\t\t\t\t<div class=\"elementor-element elementor-element-30eb7c46 elementor-icon-list--layout-traditional elementor-list-item-link-full_width elementor-widget elementor-widget-icon-list\" data-id=\"30eb7c46\" data-element_type=\"widget\" data-widget_type=\"icon-list.default\">\n\t\t\t\t<div class=\"elementor-widget-container\">\n\t\t\t\t\t\t\t<ul class=\"elementor-icon-list-items\">\n\t\t\t\t\t\t\t<li class=\"elementor-icon-list-item\">\n\t\t\t\t\t\t\t\t\t\t\t<span class=\"elementor-icon-list-icon\">\n\t\t\t\t\t\t\t<i aria-hidden=\"true\" class=\"fas fa-map-marker-alt\"><\/i>\t\t\t\t\t\t<\/span>\n\t\t\t\t\t\t\t\t\t\t<span class=\"elementor-icon-list-text\">1673 rue Fran\u00e7ois-H.-Pr\u00e9vost Montr\u00e9al (Qu\u00e9bec) H2M2M4 Canada<\/span>\n\t\t\t\t\t\t\t\t\t<\/li>\n\t\t\t\t\t\t\t\t<li class=\"elementor-icon-list-item\">\n\t\t\t\t\t\t\t\t\t\t\t<a href=\"tel:+1(514)%20819-1260\">\n\n\t\t\t\t\t\t\t\t\t\t\t\t<span class=\"elementor-icon-list-icon\">\n\t\t\t\t\t\t\t<i aria-hidden=\"true\" class=\"fas fa-phone\"><\/i>\t\t\t\t\t\t<\/span>\n\t\t\t\t\t\t\t\t\t\t<span class=\"elementor-icon-list-text\">+1 (514) 819-1260<\/span>\n\t\t\t\t\t\t\t\t\t\t\t<\/a>\n\t\t\t\t\t\t\t\t\t<\/li>\n\t\t\t\t\t\t\t\t<li class=\"elementor-icon-list-item\">\n\t\t\t\t\t\t\t\t\t\t\t<a href=\"http:\/\/info@worklite.ca\">\n\n\t\t\t\t\t\t\t\t\t\t\t\t<span class=\"elementor-icon-list-icon\">\n\t\t\t\t\t\t\t<i aria-hidden=\"true\" class=\"fas fa-envelope\"><\/i>\t\t\t\t\t\t<\/span>\n\t\t\t\t\t\t\t\t\t\t<span class=\"elementor-icon-list-text\">info@worklite.ca<\/span>\n\t\t\t\t\t\t\t\t\t\t\t<\/a>\n\t\t\t\t\t\t\t\t\t<\/li>\n\t\t\t\t\t\t<\/ul>\n\t\t\t\t\t\t<\/div>\n\t\t\t\t<\/div>\n\t\t\t\t<div class=\"elementor-element elementor-element-879cee4 elementor-widget elementor-widget-heading\" data-id=\"879cee4\" data-element_type=\"widget\" data-widget_type=\"heading.default\">\n\t\t\t\t<div class=\"elementor-widget-container\">\n\t\t\t\t\t<h2 class=\"elementor-heading-title elementor-size-default\">Vous \u00eates \u00e0 la recherche d'un emploi ? <\/h2>\t\t\t\t<\/div>\n\t\t\t\t<\/div>\n\t\t\t\t<div class=\"elementor-element elementor-element-d2f05a2 elementor-invisible elementor-widget elementor-widget-button\" data-id=\"d2f05a2\" data-element_type=\"widget\" data-settings=\"{&quot;_animation&quot;:&quot;fadeIn&quot;}\" data-widget_type=\"button.default\">\n\t\t\t\t<div class=\"elementor-widget-container\">\n\t\t\t\t\t\t\t\t\t<div class=\"elementor-button-wrapper\">\n\t\t\t\t\t<a class=\"elementor-button elementor-button-link elementor-size-sm\" href=\"https:\/\/worklite.zohorecruit.com\/forms\/0ae149b20d78442174a5ec384a026de56aa1db6bbcd78067ecefabe6ed2c5eec\">\n\t\t\t\t\t\t<span class=\"elementor-button-content-wrapper\">\n\t\t\t\t\t\t\t\t\t<span class=\"elementor-button-text\">Envoyez votre cv  <\/span>\n\t\t\t\t\t<\/span>\n\t\t\t\t\t<\/a>\n\t\t\t\t<\/div>\n\t\t\t\t\t\t\t\t<\/div>\n\t\t\t\t<\/div>\n\t\t\t\t<div class=\"elementor-element elementor-element-1606dce e-grid-align-left elementor-shape-rounded elementor-grid-0 elementor-widget elementor-widget-social-icons\" data-id=\"1606dce\" data-element_type=\"widget\" data-widget_type=\"social-icons.default\">\n\t\t\t\t<div class=\"elementor-widget-container\">\n\t\t\t\t\t\t\t<div class=\"elementor-social-icons-wrapper elementor-grid\">\n\t\t\t\t\t\t\t<span class=\"elementor-grid-item\">\n\t\t\t\t\t<a class=\"elementor-icon elementor-social-icon elementor-social-icon-facebook elementor-repeater-item-bfc4263\" target=\"_blank\">\n\t\t\t\t\t\t<span class=\"elementor-screen-only\">Facebook<\/span>\n\t\t\t\t\t\t\t\t\t\t\t\t\t<i class=\"fa fa-facebook\"><\/i>\n\t\t\t\t\t\t\t\t\t\t\t<\/a>\n\t\t\t\t<\/span>\n\t\t\t\t\t\t\t<span class=\"elementor-grid-item\">\n\t\t\t\t\t<a class=\"elementor-icon elementor-social-icon elementor-social-icon-twitter elementor-repeater-item-c94741f\" target=\"_blank\">\n\t\t\t\t\t\t<span class=\"elementor-screen-only\">Twitter<\/span>\n\t\t\t\t\t\t\t\t\t\t\t\t\t<i class=\"fa fa-twitter\"><\/i>\n\t\t\t\t\t\t\t\t\t\t\t<\/a>\n\t\t\t\t<\/span>\n\t\t\t\t\t\t\t<span class=\"elementor-grid-item\">\n\t\t\t\t\t<a class=\"elementor-icon elementor-social-icon elementor-social-icon-wordpress elementor-repeater-item-a67eeef\" target=\"_blank\">\n\t\t\t\t\t\t<span class=\"elementor-screen-only\">WordPress<\/span>\n\t\t\t\t\t\t\t\t\t\t\t\t\t<i class=\"fa fa-wordpress\"><\/i>\n\t\t\t\t\t\t\t\t\t\t\t<\/a>\n\t\t\t\t<\/span>\n\t\t\t\t\t\t\t<span class=\"elementor-grid-item\">\n\t\t\t\t\t<a class=\"elementor-icon elementor-social-icon elementor-social-icon-dribbble elementor-repeater-item-09a3abf\" target=\"_blank\">\n\t\t\t\t\t\t<span class=\"elementor-screen-only\">Dribbble<\/span>\n\t\t\t\t\t\t\t\t\t\t\t\t\t<i class=\"fa fa-dribbble\"><\/i>\n\t\t\t\t\t\t\t\t\t\t\t<\/a>\n\t\t\t\t<\/span>\n\t\t\t\t\t<\/div>\n\t\t\t\t\t\t<\/div>\n\t\t\t\t<\/div>\n\t\t\t\t\t<\/div>\n\t\t<\/div>\n\t\t\t\t<div class=\"elementor-column elementor-col-50 elementor-inner-column elementor-element elementor-element-46de2006 elementor-invisible\" data-id=\"46de2006\" data-element_type=\"column\" data-settings=\"{&quot;animation&quot;:&quot;slideInDown&quot;}\">\n\t\t\t<div class=\"elementor-widget-wrap elementor-element-populated\">\n\t\t\t\t\t\t<div class=\"elementor-element elementor-element-0c59840 elementor-widget elementor-widget-image\" data-id=\"0c59840\" data-element_type=\"widget\" data-widget_type=\"image.default\">\n\t\t\t\t<div class=\"elementor-widget-container\">\n\t\t\t\t\t\t\t\t\t\t\t\t\t\t\t<img loading=\"lazy\" decoding=\"async\" width=\"500\" height=\"500\" src=\"https:\/\/worklitebpo.com\/wp-content\/uploads\/2022\/11\/Worklite-logo-final.png\" class=\"attachment-large size-large wp-image-498\" alt=\"\" srcset=\"https:\/\/worklitebpo.com\/wp-content\/uploads\/2022\/11\/Worklite-logo-final.png 500w, https:\/\/worklitebpo.com\/wp-content\/uploads\/2022\/11\/Worklite-logo-final-300x300.png 300w, https:\/\/worklitebpo.com\/wp-content\/uploads\/2022\/11\/elementor\/thumbs\/Worklite-logo-final-pxml2pvhz5o4g7yty3xzf66qtqk94c24nvjkobn8t8.png 150w, https:\/\/worklitebpo.com\/wp-content\/uploads\/2022\/11\/elementor\/thumbs\/Worklite-logo-final-pxml2pvh29ksqpuj4xalu41z1qej4inc913p29sbse.png 75w\" sizes=\"auto, (max-width: 500px) 100vw, 500px\" \/>\t\t\t\t\t\t\t\t\t\t\t\t\t\t\t<\/div>\n\t\t\t\t<\/div>\n\t\t\t\t\t<\/div>\n\t\t<\/div>\n\t\t\t\t\t<\/div>\n\t\t<\/section>\n\t\t\t\t\t<\/div>\n\t\t<\/div>\n\t\t\t\t\t<\/div>\n\t\t<\/section>\n\t\t\t\t<section class=\"elementor-section elementor-top-section elementor-element elementor-element-432dd9d elementor-section-boxed elementor-section-height-default elementor-section-height-default\" data-id=\"432dd9d\" data-element_type=\"section\">\n\t\t\t\t\t\t<div class=\"elementor-container elementor-column-gap-default\">\n\t\t\t\t\t<div class=\"elementor-column elementor-col-100 elementor-top-column elementor-element elementor-element-eea3224\" data-id=\"eea3224\" data-element_type=\"column\">\n\t\t\t<div class=\"elementor-widget-wrap elementor-element-populated\">\n\t\t\t\t\t\t<div class=\"elementor-element elementor-element-593dd7b elementor-widget elementor-widget-hubspot-form\" data-id=\"593dd7b\" data-element_type=\"widget\" data-widget_type=\"hubspot-form.default\">\n\t\t\t\t<div class=\"elementor-widget-container\">\n\t\t\t\t\t\n\t\t\t\t\t<script>\n\t\t\t\t\t\twindow.hsFormsOnReady = window.hsFormsOnReady || [];\n\t\t\t\t\t\twindow.hsFormsOnReady.push(()=>{\n\t\t\t\t\t\t\thbspt.forms.create({\n\t\t\t\t\t\t\t\tportalId: 23241594,\n\t\t\t\t\t\t\t\tformId: \"d5f68d56-26d3-4ac3-a0db-18ba5ba2d2e7\",\n\t\t\t\t\t\t\t\ttarget: \"#hbspt-form-1777887328000-7266723352\",\n\t\t\t\t\t\t\t\tregion: \"na1\",\n\t\t\t\t\t\t\t\t\n\t\t\t\t\t\t})});\n\t\t\t\t\t<\/script>\n\t\t\t\t\t<div class=\"hbspt-form\" id=\"hbspt-form-1777887328000-7266723352\"><\/div>\t\t\t\t<\/div>\n\t\t\t\t<\/div>\n\t\t\t\t\t<\/div>\n\t\t<\/div>\n\t\t\t\t\t<\/div>\n\t\t<\/section>\n\t\t\t\t<\/div>","protected":false},"excerpt":{"rendered":"<p>Nous joindre 1673 rue Fran\u00e7ois-H.-Pr\u00e9vost Montr\u00e9al (Qu\u00e9bec) H2M2M4 Canada +1 (514) 819-1260 info@worklite.ca Vous \u00eates \u00e0 la recherche d&#8217;un emploi ? Envoyez votre cv Facebook Twitter Wordpress Dribbble<\/p>","protected":false},"author":1,"featured_media":0,"parent":0,"menu_order":0,"comment_status":"closed","ping_status":"closed","template":"","meta":{"nf_dc_page":"","content-type":"","om_disable_all_campaigns":false,"_monsterinsights_skip_tracking":false,"_monsterinsights_sitenote_active":false,"_monsterinsights_sitenote_note":"","_monsterinsights_sitenote_category":0,"_uf_show_specific_survey":0,"_uf_disable_surveys":false,"ocean_post_layout":"full-screen","ocean_both_sidebars_style":"","ocean_both_sidebars_content_width":0,"ocean_both_sidebars_sidebars_width":0,"ocean_sidebar":"0","ocean_second_sidebar":"0","ocean_disable_margins":"enable","ocean_add_body_class":"","ocean_shortcode_before_top_bar":"","ocean_shortcode_after_top_bar":"","ocean_shortcode_before_header":"","ocean_shortcode_after_header":"","ocean_has_shortcode":"","ocean_shortcode_after_title":"","ocean_shortcode_before_footer_widgets":"","ocean_shortcode_after_footer_widgets":"","ocean_shortcode_before_footer_bottom":"","ocean_shortcode_after_footer_bottom":"","ocean_display_top_bar":"off","ocean_display_header":"on","ocean_header_style":"","ocean_center_header_left_menu":"0","ocean_custom_header_template":"0","ocean_custom_logo":0,"ocean_custom_retina_logo":0,"ocean_custom_logo_max_width":0,"ocean_custom_logo_tablet_max_width":0,"ocean_custom_logo_mobile_max_width":0,"ocean_custom_logo_max_height":0,"ocean_custom_logo_tablet_max_height":0,"ocean_custom_logo_mobile_max_height":0,"ocean_header_custom_menu":"4","ocean_menu_typo_font_family":"0","ocean_menu_typo_font_subset":"","ocean_menu_typo_font_size":0,"ocean_menu_typo_font_size_tablet":0,"ocean_menu_typo_font_size_mobile":0,"ocean_menu_typo_font_size_unit":"px","ocean_menu_typo_font_weight":"","ocean_menu_typo_font_weight_tablet":"","ocean_menu_typo_font_weight_mobile":"","ocean_menu_typo_transform":"","ocean_menu_typo_transform_tablet":"","ocean_menu_typo_transform_mobile":"","ocean_menu_typo_line_height":0,"ocean_menu_typo_line_height_tablet":0,"ocean_menu_typo_line_height_mobile":0,"ocean_menu_typo_line_height_unit":"","ocean_menu_typo_spacing":0,"ocean_menu_typo_spacing_tablet":0,"ocean_menu_typo_spacing_mobile":0,"ocean_menu_typo_spacing_unit":"","ocean_menu_link_color":"","ocean_menu_link_color_hover":"","ocean_menu_link_color_active":"","ocean_menu_link_background":"","ocean_menu_link_hover_background":"","ocean_menu_link_active_background":"","ocean_menu_social_links_bg":"","ocean_menu_social_hover_links_bg":"","ocean_menu_social_links_color":"","ocean_menu_social_hover_links_color":"","ocean_disable_title":"on","ocean_disable_heading":"on","ocean_post_title":"","ocean_post_subheading":"","ocean_post_title_style":"","ocean_post_title_background_color":"","ocean_post_title_background":0,"ocean_post_title_bg_image_position":"","ocean_post_title_bg_image_attachment":"","ocean_post_title_bg_image_repeat":"","ocean_post_title_bg_image_size":"","ocean_post_title_height":0,"ocean_post_title_bg_overlay":0.5,"ocean_post_title_bg_overlay_color":"","ocean_disable_breadcrumbs":"default","ocean_breadcrumbs_color":"","ocean_breadcrumbs_separator_color":"","ocean_breadcrumbs_links_color":"","ocean_breadcrumbs_links_hover_color":"","ocean_display_footer_widgets":"off","ocean_display_footer_bottom":"on","ocean_custom_footer_template":"0","footnotes":""},"class_list":["post-232","page","type-page","status-publish","hentry","entry"],"aioseo_notices":[],"yoast_head":"<!-- This site is optimized with the Yoast SEO plugin v26.9 - https:\/\/yoast.com\/product\/yoast-seo-wordpress\/ -->\n<title>Contactez-nous - Worklite Inc.<\/title>\n<meta name=\"robots\" content=\"index, follow, max-snippet:-1, max-image-preview:large, max-video-preview:-1\" \/>\n<link rel=\"canonical\" href=\"https:\/\/worklitebpo.com\/en\/contactez-nous\/\" \/>\n<meta property=\"og:locale\" content=\"en_US\" \/>\n<meta property=\"og:type\" content=\"article\" \/>\n<meta property=\"og:title\" content=\"Contactez-nous - Worklite Inc.\" \/>\n<meta property=\"og:description\" content=\"Nous joindre 1673 rue Fran\u00e7ois-H.-Pr\u00e9vost Montr\u00e9al (Qu\u00e9bec) H2M2M4 Canada +1 (514) 819-1260 info@worklite.ca Vous \u00eates \u00e0 la recherche d&#8217;un emploi ? Envoyez votre cv Facebook Twitter Wordpress Dribbble\" \/>\n<meta property=\"og:url\" content=\"https:\/\/worklitebpo.com\/en\/contactez-nous\/\" \/>\n<meta property=\"og:site_name\" content=\"Worklite Inc.\" \/>\n<meta property=\"article:modified_time\" content=\"2022-12-13T02:18:01+00:00\" \/>\n<meta property=\"og:image\" content=\"https:\/\/ewm.fvs.mybluehost.me\/website_515365fc\/wp-content\/uploads\/2022\/11\/Worklite-logo-final.png\" \/>\n<meta name=\"twitter:card\" content=\"summary_large_image\" \/>\n<meta name=\"twitter:label1\" content=\"Est. reading time\" \/>\n\t<meta name=\"twitter:data1\" content=\"1 minute\" \/>\n<script type=\"application\/ld+json\" class=\"yoast-schema-graph\">{\"@context\":\"https:\/\/schema.org\",\"@graph\":[{\"@type\":\"WebPage\",\"@id\":\"https:\/\/worklitebpo.com\/contactez-nous\/\",\"url\":\"https:\/\/worklitebpo.com\/contactez-nous\/\",\"name\":\"Contactez-nous - Worklite Inc.\",\"isPartOf\":{\"@id\":\"https:\/\/worklitebpo.com\/#website\"},\"primaryImageOfPage\":{\"@id\":\"https:\/\/worklitebpo.com\/contactez-nous\/#primaryimage\"},\"image\":{\"@id\":\"https:\/\/worklitebpo.com\/contactez-nous\/#primaryimage\"},\"thumbnailUrl\":\"https:\/\/ewm.fvs.mybluehost.me\/website_515365fc\/wp-content\/uploads\/2022\/11\/Worklite-logo-final.png\",\"datePublished\":\"2022-10-28T17:40:04+00:00\",\"dateModified\":\"2022-12-13T02:18:01+00:00\",\"inLanguage\":\"en-CA\",\"potentialAction\":[{\"@type\":\"ReadAction\",\"target\":[\"https:\/\/worklitebpo.com\/contactez-nous\/\"]}]},{\"@type\":\"ImageObject\",\"inLanguage\":\"en-CA\",\"@id\":\"https:\/\/worklitebpo.com\/contactez-nous\/#primaryimage\",\"url\":\"https:\/\/ewm.fvs.mybluehost.me\/website_515365fc\/wp-content\/uploads\/2022\/11\/Worklite-logo-final.png\",\"contentUrl\":\"https:\/\/ewm.fvs.mybluehost.me\/website_515365fc\/wp-content\/uploads\/2022\/11\/Worklite-logo-final.png\"},{\"@type\":\"WebSite\",\"@id\":\"https:\/\/worklitebpo.com\/#website\",\"url\":\"https:\/\/worklitebpo.com\/\",\"name\":\"Worklite Inc.\",\"description\":\"BPO AGENCY IN CANADA\",\"publisher\":{\"@id\":\"https:\/\/worklitebpo.com\/#organization\"},\"potentialAction\":[{\"@type\":\"SearchAction\",\"target\":{\"@type\":\"EntryPoint\",\"urlTemplate\":\"https:\/\/worklitebpo.com\/?s={search_term_string}\"},\"query-input\":{\"@type\":\"PropertyValueSpecification\",\"valueRequired\":true,\"valueName\":\"search_term_string\"}}],\"inLanguage\":\"en-CA\"},{\"@type\":\"Organization\",\"@id\":\"https:\/\/worklitebpo.com\/#organization\",\"name\":\"Worklite Inc.\",\"url\":\"https:\/\/worklitebpo.com\/\",\"logo\":{\"@type\":\"ImageObject\",\"inLanguage\":\"en-CA\",\"@id\":\"https:\/\/worklitebpo.com\/#\/schema\/logo\/image\/\",\"url\":\"https:\/\/worklitebpo.com\/wp-content\/uploads\/2023\/11\/cropped-W-1-e1700434334190-1.png\",\"contentUrl\":\"https:\/\/worklitebpo.com\/wp-content\/uploads\/2023\/11\/cropped-W-1-e1700434334190-1.png\",\"width\":527,\"height\":168,\"caption\":\"Worklite Inc.\"},\"image\":{\"@id\":\"https:\/\/worklitebpo.com\/#\/schema\/logo\/image\/\"}}]}<\/script>\n<!-- \/ Yoast SEO plugin. -->","yoast_head_json":{"title":"Contactez-nous - Worklite Inc.","robots":{"index":"index","follow":"follow","max-snippet":"max-snippet:-1","max-image-preview":"max-image-preview:large","max-video-preview":"max-video-preview:-1"},"canonical":"https:\/\/worklitebpo.com\/en\/contactez-nous\/","og_locale":"en_US","og_type":"article","og_title":"Contactez-nous - Worklite Inc.","og_description":"Nous joindre 1673 rue Fran\u00e7ois-H.-Pr\u00e9vost Montr\u00e9al (Qu\u00e9bec) H2M2M4 Canada +1 (514) 819-1260 info@worklite.ca Vous \u00eates \u00e0 la recherche d&#8217;un emploi ? Envoyez votre cv Facebook Twitter Wordpress Dribbble","og_url":"https:\/\/worklitebpo.com\/en\/contactez-nous\/","og_site_name":"Worklite Inc.","article_modified_time":"2022-12-13T02:18:01+00:00","og_image":[{"url":"https:\/\/ewm.fvs.mybluehost.me\/website_515365fc\/wp-content\/uploads\/2022\/11\/Worklite-logo-final.png","type":"","width":"","height":""}],"twitter_card":"summary_large_image","twitter_misc":{"Est. reading time":"1 minute"},"schema":{"@context":"https:\/\/schema.org","@graph":[{"@type":"WebPage","@id":"https:\/\/worklitebpo.com\/contactez-nous\/","url":"https:\/\/worklitebpo.com\/contactez-nous\/","name":"Contactez-nous - Worklite Inc.","isPartOf":{"@id":"https:\/\/worklitebpo.com\/#website"},"primaryImageOfPage":{"@id":"https:\/\/worklitebpo.com\/contactez-nous\/#primaryimage"},"image":{"@id":"https:\/\/worklitebpo.com\/contactez-nous\/#primaryimage"},"thumbnailUrl":"https:\/\/ewm.fvs.mybluehost.me\/website_515365fc\/wp-content\/uploads\/2022\/11\/Worklite-logo-final.png","datePublished":"2022-10-28T17:40:04+00:00","dateModified":"2022-12-13T02:18:01+00:00","inLanguage":"en-CA","potentialAction":[{"@type":"ReadAction","target":["https:\/\/worklitebpo.com\/contactez-nous\/"]}]},{"@type":"ImageObject","inLanguage":"en-CA","@id":"https:\/\/worklitebpo.com\/contactez-nous\/#primaryimage","url":"https:\/\/ewm.fvs.mybluehost.me\/website_515365fc\/wp-content\/uploads\/2022\/11\/Worklite-logo-final.png","contentUrl":"https:\/\/ewm.fvs.mybluehost.me\/website_515365fc\/wp-content\/uploads\/2022\/11\/Worklite-logo-final.png"},{"@type":"WebSite","@id":"https:\/\/worklitebpo.com\/#website","url":"https:\/\/worklitebpo.com\/","name":"Worklite Inc.","description":"BPO AGENCY IN CANADA","publisher":{"@id":"https:\/\/worklitebpo.com\/#organization"},"potentialAction":[{"@type":"SearchAction","target":{"@type":"EntryPoint","urlTemplate":"https:\/\/worklitebpo.com\/?s={search_term_string}"},"query-input":{"@type":"PropertyValueSpecification","valueRequired":true,"valueName":"search_term_string"}}],"inLanguage":"en-CA"},{"@type":"Organization","@id":"https:\/\/worklitebpo.com\/#organization","name":"Worklite Inc.","url":"https:\/\/worklitebpo.com\/","logo":{"@type":"ImageObject","inLanguage":"en-CA","@id":"https:\/\/worklitebpo.com\/#\/schema\/logo\/image\/","url":"https:\/\/worklitebpo.com\/wp-content\/uploads\/2023\/11\/cropped-W-1-e1700434334190-1.png","contentUrl":"https:\/\/worklitebpo.com\/wp-content\/uploads\/2023\/11\/cropped-W-1-e1700434334190-1.png","width":527,"height":168,"caption":"Worklite Inc."},"image":{"@id":"https:\/\/worklitebpo.com\/#\/schema\/logo\/image\/"}}]}},"_links":{"self":[{"href":"https:\/\/worklitebpo.com\/en\/wp-json\/wp\/v2\/pages\/232","targetHints":{"allow":["GET"]}}],"collection":[{"href":"https:\/\/worklitebpo.com\/en\/wp-json\/wp\/v2\/pages"}],"about":[{"href":"https:\/\/worklitebpo.com\/en\/wp-json\/wp\/v2\/types\/page"}],"author":[{"embeddable":true,"href":"https:\/\/worklitebpo.com\/en\/wp-json\/wp\/v2\/users\/1"}],"replies":[{"embeddable":true,"href":"https:\/\/worklitebpo.com\/en\/wp-json\/wp\/v2\/comments?post=232"}],"version-history":[{"count":0,"href":"https:\/\/worklitebpo.com\/en\/wp-json\/wp\/v2\/pages\/232\/revisions"}],"wp:attachment":[{"href":"https:\/\/worklitebpo.com\/en\/wp-json\/wp\/v2\/media?parent=232"}],"curies":[{"name":"wp","href":"https:\/\/api.w.org\/{rel}","templated":true}]}}